{"id":699,"date":"2023-08-25T16:49:27","date_gmt":"2023-08-25T14:49:27","guid":{"rendered":"https:\/\/www.ffrc.fr\/?page_id=699"},"modified":"2023-08-25T16:56:18","modified_gmt":"2023-08-25T14:56:18","slug":"cmp","status":"publish","type":"page","link":"https:\/\/www.ffrc.fr\/index.php\/cmp\/","title":{"rendered":"CMP"},"content":{"rendered":"\n<p>Le Minist\u00e8re du travail a \u00e9tendu l\u2019accord du 10 avril 2018 concernant les salaires.<\/p>\n\n\n\n<p>Elle est applicable au 1er mars 2020.<\/p>\n\n\n\n<p>Voici les nouvelles valeurs du point :<\/p>\n\n\n\n<ul class=\"wp-block-list\">\n<li>point A&nbsp; : 12.80 \u20ac (+1.8%)<\/li>\n\n\n\n<li>point B : 9.95 \u20ac (inchang\u00e9)<\/li>\n<\/ul>\n\n\n\n<ul class=\"wp-block-list\">\n<li><a href=\"file:\/\/\/F:\/02%20-%20EYEDEE\/FFRC\/site%20internet%20FFRC\/ffrc_old\/assets\/accord-salaire-2017-radiodiffusion-%c4%9btendu.pdf\">T\u00e9l\u00e9charger l\u2019accord salaire 2017 de la radiodiffusion<\/a><\/li>\n\n\n\n<li><a href=\"http:\/\/ffrc.fr\/wp-content\/uploads\/2020\/03\/Minis-mensuels-CCN-2020.pdf\">T\u00e9l\u00e9charger le tableau Minis mensuels CCN 2020<\/a><\/li>\n<\/ul>\n\n\n\n<p>Tous les salari\u00e9s de nos radios d\u00e9pendent de la convention collective de la radiodiffusion quant \u00e0 la valeur du point, qu\u2019ils soient journalistes, animateurs, techniciens, personnels\u2026<\/p>\n\n\n\n<p>Ces valeurs du point sont discut\u00e9es annuellement au sein de la commission mixte paritaire de la radiodiffusion. Elles servent de base au calcul des salaires.<\/p>\n\n\n\n<ul class=\"wp-block-list\">\n<li>D\u00e8s que les nouvelles valeurs du point sont connues, la FFRC adresse un message \u00e0 toutes ses radios adh\u00e9rentes.<\/li>\n<\/ul>\n","protected":false},"excerpt":{"rendered":"<p>Le Minist\u00e8re du travail a \u00e9tendu l\u2019accord du 10 avril 2018 concernant les salaires. Elle est applicable au 1er mars 2020. Voici les nouvelles valeurs du point : Tous les salari\u00e9s de nos radios d\u00e9pendent &hellip;<\/p>\n","protected":false},"author":3,"featured_media":0,"parent":0,"menu_order":0,"comment_status":"closed","ping_status":"closed","template":"","meta":{"footnotes":""},"class_list":["post-699","page","type-page","status-publish","hentry"],"_links":{"self":[{"href":"https:\/\/www.ffrc.fr\/index.php\/wp-json\/wp\/v2\/pages\/699","targetHints":{"allow":["GET"]}}],"collection":[{"href":"https:\/\/www.ffrc.fr\/index.php\/wp-json\/wp\/v2\/pages"}],"about":[{"href":"https:\/\/www.ffrc.fr\/index.php\/wp-json\/wp\/v2\/types\/page"}],"author":[{"embeddable":true,"href":"https:\/\/www.ffrc.fr\/index.php\/wp-json\/wp\/v2\/users\/3"}],"replies":[{"embeddable":true,"href":"https:\/\/www.ffrc.fr\/index.php\/wp-json\/wp\/v2\/comments?post=699"}],"version-history":[{"count":1,"href":"https:\/\/www.ffrc.fr\/index.php\/wp-json\/wp\/v2\/pages\/699\/revisions"}],"predecessor-version":[{"id":701,"href":"https:\/\/www.ffrc.fr\/index.php\/wp-json\/wp\/v2\/pages\/699\/revisions\/701"}],"wp:attachment":[{"href":"https:\/\/www.ffrc.fr\/index.php\/wp-json\/wp\/v2\/media?parent=699"}],"curies":[{"name":"wp","href":"https:\/\/api.w.org\/{rel}","templated":true}]}}