{"id":693,"date":"2023-08-25T16:48:56","date_gmt":"2023-08-25T14:48:56","guid":{"rendered":"https:\/\/www.ffrc.fr\/?page_id=693"},"modified":"2023-08-25T16:57:05","modified_gmt":"2023-08-25T14:57:05","slug":"spre","status":"publish","type":"page","link":"https:\/\/www.ffrc.fr\/index.php\/spre\/","title":{"rendered":"SPRE"},"content":{"rendered":"\n<p>Chaque ann\u00e9e la radio re\u00e7oit le bordereau de d\u00e9claration annuelle.<\/p>\n\n\n\n<p>Pour le calcul de l\u2019assiette de paiement, il faut totaliser les montants suivants : subvention du FSER, subvention des collectivit\u00e9s (CR, CD, Communes\u2026) et les dons.<\/p>\n\n\n\n<p>il faut ensuite remplir le taux de phonogrammes, c\u2019est un pourcentage<\/p>\n\n\n\n<p>\u00c0 la question concernant l\u2019abattement pour programmes d\u2019informations ou pour programmes d\u2019int\u00e9r\u00eat local, cocher la case OUI<\/p>\n\n\n\n<p>\u00c0 la question demande de forfait, cocher la case OUI<\/p>\n\n\n\n<p>Le bordereau de d\u00e9claration annuel est \u00e0 retourner avant le 30 juin dernier d\u00e9lai accompagn\u00e9 des pi\u00e8ces suivantes:<br><\/p>\n\n\n\n<ul class=\"wp-block-list\">\n<li>Le bilan annuel<\/li>\n\n\n\n<li>Les notifications de subventions<\/li>\n\n\n\n<li>La grille des programmes de la radio<\/li>\n<\/ul>\n","protected":false},"excerpt":{"rendered":"<p>Chaque ann\u00e9e la radio re\u00e7oit le bordereau de d\u00e9claration annuelle. Pour le calcul de l\u2019assiette de paiement, il faut totaliser les montants suivants : subvention du FSER, subvention des collectivit\u00e9s (CR, CD, Communes\u2026) et les &hellip;<\/p>\n","protected":false},"author":3,"featured_media":0,"parent":0,"menu_order":0,"comment_status":"closed","ping_status":"closed","template":"","meta":{"footnotes":""},"class_list":["post-693","page","type-page","status-publish","hentry"],"_links":{"self":[{"href":"https:\/\/www.ffrc.fr\/index.php\/wp-json\/wp\/v2\/pages\/693","targetHints":{"allow":["GET"]}}],"collection":[{"href":"https:\/\/www.ffrc.fr\/index.php\/wp-json\/wp\/v2\/pages"}],"about":[{"href":"https:\/\/www.ffrc.fr\/index.php\/wp-json\/wp\/v2\/types\/page"}],"author":[{"embeddable":true,"href":"https:\/\/www.ffrc.fr\/index.php\/wp-json\/wp\/v2\/users\/3"}],"replies":[{"embeddable":true,"href":"https:\/\/www.ffrc.fr\/index.php\/wp-json\/wp\/v2\/comments?post=693"}],"version-history":[{"count":1,"href":"https:\/\/www.ffrc.fr\/index.php\/wp-json\/wp\/v2\/pages\/693\/revisions"}],"predecessor-version":[{"id":695,"href":"https:\/\/www.ffrc.fr\/index.php\/wp-json\/wp\/v2\/pages\/693\/revisions\/695"}],"wp:attachment":[{"href":"https:\/\/www.ffrc.fr\/index.php\/wp-json\/wp\/v2\/media?parent=693"}],"curies":[{"name":"wp","href":"https:\/\/api.w.org\/{rel}","templated":true}]}}