{"id":690,"date":"2023-08-25T16:48:44","date_gmt":"2023-08-25T14:48:44","guid":{"rendered":"https:\/\/www.ffrc.fr\/?page_id=690"},"modified":"2023-08-25T16:57:01","modified_gmt":"2023-08-25T14:57:01","slug":"sacem-2","status":"publish","type":"page","link":"https:\/\/www.ffrc.fr\/index.php\/sacem-2\/","title":{"rendered":"SACEM"},"content":{"rendered":"\n<p>Un nouveau protocole d\u2019accord SACEM\/FFRC vient a \u00e9t\u00e9 sign\u00e9 en octobre 2017. Vous pouvez le consulter :&nbsp;<a href=\"file:\/\/\/F:\/02%20-%20EYEDEE\/FFRC\/site%20internet%20FFRC\/ffrc_old\/assets\/protocole-d-accord-sacem---ffrc.pdf\">Protocole d\u2019Accord<\/a><\/p>\n\n\n\n<p>Il permet aux radios adh\u00e9rentes \u00e0 la FFRC de b\u00e9n\u00e9ficier d\u2019une d\u00e9duction de 5% sur leur redevance d\u2019auteur.<\/p>\n\n\n\n<p>Ce nouveau protocole \u00e9tend aussi le contrat type des radios locales aux diffusions d\u00e9lin\u00e9aris\u00e9es.<\/p>\n\n\n\n<p>Chaque ann\u00e9e, la radio re\u00e7oit un guide de d\u00e9claration des charges \u00e0 compl\u00e9ter.<\/p>\n\n\n\n<p>En A, il faut indiquer le total des comptes de la classe 6.<\/p>\n\n\n\n<p>Attention \u00e0 bien remplir les lignes suivantes car elles entrent dans le calcul de l\u2019assiette et permettent d\u2019obtenir des r\u00e9ductions pour la cotisation SACEM :<\/p>\n\n\n\n<ul class=\"wp-block-list\">\n<li>Total salaires et charges sociales<br><\/li>\n\n\n\n<li>Total TVA r\u00e9gl\u00e9e sur les achats<br><\/li>\n\n\n\n<li>Montant des salaires des journalistes titulaires de la carte ou d\u00e9duction forfaitaire au titre des journalistes d\u2019information, si pas de journalistes professionnels<br><\/li>\n\n\n\n<li>Taxe sur les salaires<\/li>\n\n\n\n<li>Montant des redevances des droits d\u2019auteurs pay\u00e9s pour la p\u00e9riode pr\u00e9c\u00e9dente<\/li>\n\n\n\n<li>Charges exceptionnelles issues de remboursements d\u2019assurances<\/li>\n\n\n\n<li>Dotations aux amortissements<\/li>\n<\/ul>\n\n\n\n<p>Vous retournez le guide de d\u00e9claration de charges \u00e0 votre d\u00e9l\u00e9gation r\u00e9gionale accompagn\u00e9 des comptes de r\u00e9sultat.<\/p>\n\n\n\n<p>Acc\u00e9der \u00e0&nbsp;<a href=\"http:\/\/www.sacem.fr\/\">sacem.fr<\/a><\/p>\n","protected":false},"excerpt":{"rendered":"<p>Un nouveau protocole d\u2019accord SACEM\/FFRC vient a \u00e9t\u00e9 sign\u00e9 en octobre 2017. Vous pouvez le consulter :&nbsp;Protocole d\u2019Accord Il permet aux radios adh\u00e9rentes \u00e0 la FFRC de b\u00e9n\u00e9ficier d\u2019une d\u00e9duction de 5% sur leur redevance &hellip;<\/p>\n","protected":false},"author":3,"featured_media":0,"parent":0,"menu_order":0,"comment_status":"closed","ping_status":"closed","template":"","meta":{"footnotes":""},"class_list":["post-690","page","type-page","status-publish","hentry"],"_links":{"self":[{"href":"https:\/\/www.ffrc.fr\/index.php\/wp-json\/wp\/v2\/pages\/690","targetHints":{"allow":["GET"]}}],"collection":[{"href":"https:\/\/www.ffrc.fr\/index.php\/wp-json\/wp\/v2\/pages"}],"about":[{"href":"https:\/\/www.ffrc.fr\/index.php\/wp-json\/wp\/v2\/types\/page"}],"author":[{"embeddable":true,"href":"https:\/\/www.ffrc.fr\/index.php\/wp-json\/wp\/v2\/users\/3"}],"replies":[{"embeddable":true,"href":"https:\/\/www.ffrc.fr\/index.php\/wp-json\/wp\/v2\/comments?post=690"}],"version-history":[{"count":1,"href":"https:\/\/www.ffrc.fr\/index.php\/wp-json\/wp\/v2\/pages\/690\/revisions"}],"predecessor-version":[{"id":692,"href":"https:\/\/www.ffrc.fr\/index.php\/wp-json\/wp\/v2\/pages\/690\/revisions\/692"}],"wp:attachment":[{"href":"https:\/\/www.ffrc.fr\/index.php\/wp-json\/wp\/v2\/media?parent=690"}],"curies":[{"name":"wp","href":"https:\/\/api.w.org\/{rel}","templated":true}]}}