{"id":687,"date":"2023-08-25T16:48:31","date_gmt":"2023-08-25T14:48:31","guid":{"rendered":"https:\/\/www.ffrc.fr\/?page_id=687"},"modified":"2023-08-25T16:56:31","modified_gmt":"2023-08-25T14:56:31","slug":"fser","status":"publish","type":"page","link":"https:\/\/www.ffrc.fr\/index.php\/fser\/","title":{"rendered":"FSER"},"content":{"rendered":"\n<p>Le Fonds de Soutien \u00e0 l\u2019Expression Radiophonique locale est charg\u00e9 de la gestion des aides publiques aux radios locales associatives pr\u00e9vues par le d\u00e9cret n\u00b02006-1067 du 25 ao\u00fbt 2006 pris pour l\u2019application de l\u2019article 80 de la loi n\u00b086-1067 du 30 septembre 1986 relative \u00e0 la libert\u00e9 de communication.<\/p>\n\n\n\n<ul class=\"wp-block-list\">\n<li><a href=\"https:\/\/www.culture.gouv.fr\/Sites-thematiques\/Audiovisuel\/Fonds-de-soutien-a-l-expression-radiophonique-locale-FSER\/Presentation-du-FSER\/Contact-et-presentation\">Contact et pr\u00e9sentation<\/a><\/li>\n\n\n\n<li><a href=\"https:\/\/www.culture.gouv.fr\/Sites-thematiques\/Audiovisuel\/Fonds-de-soutien-a-l-expression-radiophonique-locale-FSER\/Presentation-du-FSER\/Qui-peut-presenter-une-demande\">Qui peut pr\u00e9senter une demande<\/a><\/li>\n\n\n\n<li><a href=\"https:\/\/www.culture.gouv.fr\/Media\/Thematiques\/Audiovisuel\/Files\/FSER-Rapports-d-activite\/Rapport-d-activite-FSER-2017\">Rapport d\u2019activit\u00e9 2017<\/a><\/li>\n<\/ul>\n\n\n\n<p>Les aides sont attribu\u00e9es sur dossier. Le dossier de demande d\u2019aide est \u00e9tabli par le ministre charg\u00e9 de la communication, apr\u00e8s avis de la commission. Il comporte la liste des pi\u00e8ces \u00e0 fournir \u00e0 l\u2019appui de la demande, notamment le dernier bilan et le dernier compte de r\u00e9sultat du service consid\u00e9r\u00e9, certifi\u00e9s conformes par un expert comptable.<\/p>\n\n\n\n<p>Le dossier peut \u00eatre t\u00e9l\u00e9charg\u00e9 sur le pr\u00e9sent site (rubriques en bleu \u00e0 droite de l\u2019\u00e9cran). Le dossier d\u00fbment rempli et les pi\u00e8ces \u00e0 joindre doivent \u00eatre adress\u00e9s par courrier postal \u00e0 l\u2019adresse suivante&nbsp;:<\/p>\n\n\n\n<p><strong>Fonds de soutien \u00e0 l\u2019expression radiophonique locale<\/strong><br>&nbsp;DGMIC, Minist\u00e8re de la Culture<br>&nbsp;3, rue de Valois<br>75033 PARIS Cedex 01<\/p>\n\n\n\n<p>Les radios associatives peuvent b\u00e9n\u00e9ficier de 4 subventions :<\/p>\n\n\n\n<h3 class=\"wp-block-heading\">Subvention d\u2019installation:<\/h3>\n\n\n\n<ul class=\"wp-block-list\">\n<li>: Dans les 6 mois qui suivent la date de d\u00e9but d\u2019\u00e9mission fix\u00e9e par le CSA.<\/li>\n\n\n\n<li>: 16 000 \u20ac maximum, au vu du plan de financement fourni par la radio.<\/li>\n\n\n\n<li>: Deux mois environ, les paiements sont effectu\u00e9s dans un d\u00e9lai de 6 \u00e0 8 semaines apr\u00e8s la notification.<\/li>\n\n\n\n<li>:&nbsp;pr\u00e9vue \u00e0 l\u2019article 3 du d\u00e9cret n\u00b0 2006-1067, elle est accord\u00e9e aux services de radio nouvellement autoris\u00e9s par le Conseil sup\u00e9rieur de l\u2019audiovisuel, en vue de contribuer au financement des d\u00e9penses n\u00e9cessaires au d\u00e9marrage de l\u2019activit\u00e9 radiophonique. Son montant ne peut exc\u00e9der 16 000\u20ac et elle ne peut \u00eatre accord\u00e9e qu\u2019une seule fois.<\/li>\n<\/ul>\n\n\n\n<h3 class=\"wp-block-heading\">Subvention d\u2019\u00e9quipement:<\/h3>\n\n\n\n<ul class=\"wp-block-list\">\n<li>: Une demande initiale et une demande compl\u00e9mentaire par p\u00e9riode de 5 ans.<\/li>\n\n\n\n<li>Montant: 18 000\u20ac maximum par p\u00e9riode de 5 ans, correspondant \u00e0 50 % des sommes TTC investies dans le projet d\u2019\u00e9quipement radiophonique.<\/li>\n\n\n\n<li>: Deux mois environ, les paiements sont effectu\u00e9s dans un d\u00e9lai de 6 \u00e0 8 semaines apr\u00e8s la notification.<\/li>\n\n\n\n<li>:&nbsp;&nbsp;<em>pr\u00e9vue \u00e0 l\u2019article 4 du d\u00e9cret n\u00b0 2006-1067, elle est destin\u00e9e \u00e0 financer les projets d\u2019investissement en mat\u00e9riel radiophonique d\u2019un service de radio \u00e0 hauteur de 50 % au maximum de leur montant et dans la limite de 18 000\u20ac par p\u00e9riode de cinq ans. Cette aide peut faire l\u2019objet d\u2019une demande initiale et d\u2019une demande compl\u00e9mentaire, donnant lieu chacune \u00e0 deux versements ; le 1er versement correspond \u00e0 60 % de l\u2019aide calcul\u00e9e sur la base des devis pr\u00e9sent\u00e9s&nbsp;; le 2nd, soit 40&nbsp;%, est effectu\u00e9 sur pr\u00e9sentation des factures attestant de la r\u00e9alisation de l\u2019investissement.<\/em><\/li>\n<\/ul>\n\n\n\n<h3 class=\"wp-block-heading\">Subvention d\u2019exploitation<\/h3>\n\n\n\n<ul class=\"wp-block-list\">\n<li>: Tous les ans avant le 15 avril.<\/li>\n\n\n\n<li>: En application des bar\u00e8mes fix\u00e9s par arr\u00eat\u00e9 conjoint du ministre charg\u00e9 du budget et du ministre charg\u00e9 de la communication et publi\u00e9s au Journal Officiel de la R\u00e9publique fran\u00e7aise.<\/li>\n\n\n\n<li>: D\u00e9cisions de mai \u00e0 d\u00e9cembre, les dossiers sont examin\u00e9s par ordre d\u2019exp\u00e9dition. Les paiements sont effectu\u00e9s dans un d\u00e9lai de 6 \u00e0 8 semaines apr\u00e8s la notification.<\/li>\n\n\n\n<li>: pr\u00e9vue \u00e0 l\u2019article 5 du d\u00e9cret n\u00b0 2006-1067 modifi\u00e9, elle est attribu\u00e9e aux services de radio qui en font la demande au plus tard le 15 avril de l\u2019ann\u00e9e suivant celle de la cl\u00f4ture de l\u2019exercice, en fonction d\u2019un bar\u00e8me fix\u00e9 par arr\u00eat\u00e9 ;<\/li>\n<\/ul>\n\n\n\n<h3 class=\"wp-block-heading\">Subvention s\u00e9lective \u00e0 l\u2019action radiophonique<\/h3>\n\n\n\n<ul class=\"wp-block-list\">\n<li>: Tous les ans avant le 15 avril.<\/li>\n\n\n\n<li>: En application des bar\u00e8mes fix\u00e9s par arr\u00eat\u00e9 conjoint du ministre charg\u00e9 du budget et du ministre charg\u00e9 de la communication et publi\u00e9s au Journal Officiel de la R\u00e9publique fran\u00e7aise.<\/li>\n\n\n\n<li>: D\u00e9cisions de mai \u00e0 d\u00e9cembre, les dossiers sont examin\u00e9s par ordre d\u2019exp\u00e9dition. Les paiements sont effectu\u00e9s dans un d\u00e9lai de 6 \u00e0 8 semaines apr\u00e8s la notification.<\/li>\n\n\n\n<li><em>: pr\u00e9vue \u00e0 l\u2019article 6 du d\u00e9cret n\u00b0 2006-1067 modifi\u00e9, cette subvention, introduite par le d\u00e9cret du 25 ao\u00fbt 2006, est attribu\u00e9e par le ministre charg\u00e9 de la communication apr\u00e8s avis de la commission du FSER aux services de radio qui en font la demande au plus tard le 15 avril de l\u2019ann\u00e9e suivant celle de la cl\u00f4ture de l\u2019exercice. Elle a pour objet de soutenir les services de radio qui ont r\u00e9alis\u00e9 des actions particuli\u00e8res dans un certain nombre de domaines tels que la culture et l\u2019\u00e9ducation, l\u2019int\u00e9gration et la lutte contre les discriminations, l\u2019environnement et le d\u00e9veloppement local.<\/em><\/li>\n<\/ul>\n\n\n\n<p>Le bar\u00e8me de la subvention d\u2019exploitation et le bar\u00e8me de la subvention s\u00e9lective ont \u00e9t\u00e9 sign\u00e9s le 8 juin 2017 et publi\u00e9s aux JO du 26 et 27 juillet 2017.<\/p>\n\n\n\n<ul class=\"wp-block-list\">\n<li><a href=\"https:\/\/www.legifrance.gouv.fr\/affichTexte.do;jsessionid=ADCF62D633F4CB70C310C7B7AC10D278.tpdila08v_3?cidTexte=JORFTEXT000035274610&amp;dateTexte=&amp;oldAction=rechJO&amp;categorieLien=id&amp;idJO=JORFCONT000035274312\">Exploitation<\/a><\/li>\n\n\n\n<li><a href=\"https:\/\/www.legifrance.gouv.fr\/affichTexte.do;jsessionid=ADCF62D633F4CB70C310C7B7AC10D278.tpdila08v_3?cidTexte=JORFTEXT000035282850&amp;dateTexte=&amp;oldAction=rechJO&amp;categorieLien=id&amp;idJO=JORFCONT000035282716\">S\u00e9lective<\/a><\/li>\n<\/ul>\n\n\n\n<p>Les radios instruites \u00e0 ce jour ont d\u00e9j\u00e0 \u00e9t\u00e9 notifi\u00e9es de leur subvention d\u2019exploitation et pour certaines ont d\u00e9j\u00e0 per\u00e7u le r\u00e8glement de celle-ci.<\/p>\n","protected":false},"excerpt":{"rendered":"<p>Le Fonds de Soutien \u00e0 l\u2019Expression Radiophonique locale est charg\u00e9 de la gestion des aides publiques aux radios locales associatives pr\u00e9vues par le d\u00e9cret n\u00b02006-1067 du 25 ao\u00fbt 2006 pris pour l\u2019application de l\u2019article 80 &hellip;<\/p>\n","protected":false},"author":3,"featured_media":0,"parent":0,"menu_order":0,"comment_status":"closed","ping_status":"closed","template":"","meta":{"footnotes":""},"class_list":["post-687","page","type-page","status-publish","hentry"],"_links":{"self":[{"href":"https:\/\/www.ffrc.fr\/index.php\/wp-json\/wp\/v2\/pages\/687","targetHints":{"allow":["GET"]}}],"collection":[{"href":"https:\/\/www.ffrc.fr\/index.php\/wp-json\/wp\/v2\/pages"}],"about":[{"href":"https:\/\/www.ffrc.fr\/index.php\/wp-json\/wp\/v2\/types\/page"}],"author":[{"embeddable":true,"href":"https:\/\/www.ffrc.fr\/index.php\/wp-json\/wp\/v2\/users\/3"}],"replies":[{"embeddable":true,"href":"https:\/\/www.ffrc.fr\/index.php\/wp-json\/wp\/v2\/comments?post=687"}],"version-history":[{"count":1,"href":"https:\/\/www.ffrc.fr\/index.php\/wp-json\/wp\/v2\/pages\/687\/revisions"}],"predecessor-version":[{"id":689,"href":"https:\/\/www.ffrc.fr\/index.php\/wp-json\/wp\/v2\/pages\/687\/revisions\/689"}],"wp:attachment":[{"href":"https:\/\/www.ffrc.fr\/index.php\/wp-json\/wp\/v2\/media?parent=687"}],"curies":[{"name":"wp","href":"https:\/\/api.w.org\/{rel}","templated":true}]}}