{"id":683,"date":"2023-08-25T16:48:15","date_gmt":"2023-08-25T14:48:15","guid":{"rendered":"https:\/\/www.ffrc.fr\/?page_id=683"},"modified":"2023-08-25T16:56:45","modified_gmt":"2023-08-25T14:56:45","slug":"les-conventions-collectives","status":"publish","type":"page","link":"https:\/\/www.ffrc.fr\/index.php\/les-conventions-collectives\/","title":{"rendered":"Les conventions collectives"},"content":{"rendered":"\n<p>Les salari\u00e9s des radios associatives de cat\u00e9gorie A d\u00e9pendent de deux conventions collectives :<\/p>\n\n\n\n<p>Voici les liens vers les conventions collectives applicables aux radios associatives :<\/p>\n\n\n\n<ul class=\"wp-block-list\">\n<li><a href=\"https:\/\/www.legifrance.gouv.fr\/affichIDCC.do?idConvention=KALICONT000005635741\" target=\"_blank\" rel=\"noreferrer noopener\">Convention collective nationale de la radiodiffusion priv\u00e9e<\/a><\/li>\n\n\n\n<li><a href=\"https:\/\/www.legifrance.gouv.fr\/affichIDCC.do;?idConvention=KALICONT000005635444\">Convention collective nationale des journalistes<\/a><\/li>\n<\/ul>\n\n\n\n<h2 class=\"wp-block-heading\">Charte entre Radio France et les radios associatives<\/h2>\n\n\n\n<p>La charte que vous trouverez ci dessous a pour objectif de consacrer la volont\u00e9 d\u2019harmonie et de&nbsp;bonne entente entre le service public radiophonique et principalement les stations locales de Radio France, et les radios associatives sur le territoire fran\u00e7ais, dans le respect des missions et de la sp\u00e9cificit\u00e9 de chacun. En cas de litige avec une de ses stations, vous pouvez vous referer au cadre de cette convention, sign\u00e9e en juin 2012, qui engage tous les operateurs signataires.<\/p>\n\n\n\n<ul class=\"wp-block-list\">\n<li><a href=\"http:\/\/www.cnra.fr\/sites\/cnra.fr\/files\/images\/File\/charte_radio_france.pdf\">Charte entre Radio France et les radios associatives<\/a><\/li>\n<\/ul>\n","protected":false},"excerpt":{"rendered":"<p>Les salari\u00e9s des radios associatives de cat\u00e9gorie A d\u00e9pendent de deux conventions collectives : Voici les liens vers les conventions collectives applicables aux radios associatives : Charte entre Radio France et les radios associatives La &hellip;<\/p>\n","protected":false},"author":3,"featured_media":0,"parent":0,"menu_order":0,"comment_status":"closed","ping_status":"closed","template":"","meta":{"footnotes":""},"class_list":["post-683","page","type-page","status-publish","hentry"],"_links":{"self":[{"href":"https:\/\/www.ffrc.fr\/index.php\/wp-json\/wp\/v2\/pages\/683","targetHints":{"allow":["GET"]}}],"collection":[{"href":"https:\/\/www.ffrc.fr\/index.php\/wp-json\/wp\/v2\/pages"}],"about":[{"href":"https:\/\/www.ffrc.fr\/index.php\/wp-json\/wp\/v2\/types\/page"}],"author":[{"embeddable":true,"href":"https:\/\/www.ffrc.fr\/index.php\/wp-json\/wp\/v2\/users\/3"}],"replies":[{"embeddable":true,"href":"https:\/\/www.ffrc.fr\/index.php\/wp-json\/wp\/v2\/comments?post=683"}],"version-history":[{"count":1,"href":"https:\/\/www.ffrc.fr\/index.php\/wp-json\/wp\/v2\/pages\/683\/revisions"}],"predecessor-version":[{"id":686,"href":"https:\/\/www.ffrc.fr\/index.php\/wp-json\/wp\/v2\/pages\/683\/revisions\/686"}],"wp:attachment":[{"href":"https:\/\/www.ffrc.fr\/index.php\/wp-json\/wp\/v2\/media?parent=683"}],"curies":[{"name":"wp","href":"https:\/\/api.w.org\/{rel}","templated":true}]}}