{"id":680,"date":"2023-08-25T16:45:25","date_gmt":"2023-08-25T14:45:25","guid":{"rendered":"https:\/\/www.ffrc.fr\/?page_id=680"},"modified":"2023-08-25T16:57:08","modified_gmt":"2023-08-25T14:57:08","slug":"sondage","status":"publish","type":"page","link":"https:\/\/www.ffrc.fr\/index.php\/sondage\/","title":{"rendered":"Sondage"},"content":{"rendered":"\n<p>Synth\u00e8se des r\u00e9sultats du sondage CSA pr\u00e9sent\u00e9 en f\u00e9vrier 2017<\/p>\n\n\n\n<p>(voir le&nbsp;<a href=\"file:\/\/\/F:\/02%20-%20EYEDEE\/FFRC\/site%20internet%20FFRC\/ffrc_old\/assets\/cp-national---csa-pour-ffrc-2016.docx\">communiqu\u00e9 de presse<\/a>)<\/p>\n\n\n\n<p>Ci-dessous quelques \u00e9l\u00e9ments du rapport officiel CSA :<\/p>\n\n\n\n<figure class=\"wp-block-image\"><img decoding=\"async\" src=\"http:\/\/ffrc.fr\/wp-content\/uploads\/2020\/01\/sondage01-1024x438.png\" alt=\"\" class=\"wp-image-235\"\/><\/figure>\n\n\n\n<figure class=\"wp-block-image\"><img decoding=\"async\" src=\"http:\/\/ffrc.fr\/wp-content\/uploads\/2020\/01\/sondage02-1024x378.png\" alt=\"\" class=\"wp-image-236\"\/><\/figure>\n\n\n\n<figure class=\"wp-block-image\"><img decoding=\"async\" src=\"http:\/\/ffrc.fr\/wp-content\/uploads\/2020\/01\/sondage03-1024x242.png\" alt=\"\" class=\"wp-image-237\"\/><\/figure>\n\n\n\n<figure class=\"wp-block-image\"><img decoding=\"async\" src=\"http:\/\/ffrc.fr\/wp-content\/uploads\/2020\/01\/sondage04-1024x242.png\" alt=\"\" class=\"wp-image-238\"\/><\/figure>\n\n\n\n<figure class=\"wp-block-image\"><img decoding=\"async\" src=\"http:\/\/ffrc.fr\/wp-content\/uploads\/2020\/01\/sondage05-1024x381.png\" alt=\"\" class=\"wp-image-239\"\/><\/figure>\n\n\n\n<figure class=\"wp-block-image\"><img decoding=\"async\" src=\"http:\/\/ffrc.fr\/wp-content\/uploads\/2020\/01\/sondage06-1024x465.png\" alt=\"\" class=\"wp-image-240\"\/><\/figure>\n\n\n\n<figure class=\"wp-block-image\"><img decoding=\"async\" src=\"http:\/\/ffrc.fr\/wp-content\/uploads\/2020\/01\/sondage07-1024x442.png\" alt=\"\" class=\"wp-image-241\"\/><\/figure>\n\n\n\n<ul class=\"wp-block-list\">\n<li>Votre M\u00e9dia (la radio) est le plus cr\u00e9dible et vos radios le sont aussi : 90% desauditeurs jugent vos radios \u00ab cr\u00e9dibles \u00bb.<\/li>\n\n\n\n<li>Votre M\u00e9dia (la radio) est un media de masse et vous l\u2019\u00eates aussi avec un volume total d\u2019Auditeurs de 3,8 millions d\u2019auditeurs (dont 1,66 millions de r\u00e9guliers).<\/li>\n\n\n\n<li>Votre positionnement chr\u00e9tien est ouvert par nature et vous l\u2019\u00eates aussi : 89% des auditeurs jugent vos radios \u00ab Ouvertes \u00bb, \u00ab Accessibles \u00e0 tous \u00bb mais surtout forte capacit\u00e9 \u00e0 recruter des individus qui ne sont pas dans les Eglises (22% sont<\/li>\n<\/ul>\n\n\n\n<p>des chr\u00e9tiens non pratiquants) et m\u00eame des individus qui ne vous sont pas naturellement acquis (21% soit 1 auditeur sur 5 ne se d\u00e9clarent pas Chr\u00e9tiens).<\/p>\n\n\n\n<ul class=\"wp-block-list\">\n<li>Une mutation digitale qui est effective ou en cours et qui est un vrai mouvement au sein de l\u2019Eglise.<\/li>\n<\/ul>\n","protected":false},"excerpt":{"rendered":"<p>Synth\u00e8se des r\u00e9sultats du sondage CSA pr\u00e9sent\u00e9 en f\u00e9vrier 2017 (voir le&nbsp;communiqu\u00e9 de presse) Ci-dessous quelques \u00e9l\u00e9ments du rapport officiel CSA : des chr\u00e9tiens non pratiquants) et m\u00eame des individus qui ne vous sont pas &hellip;<\/p>\n","protected":false},"author":3,"featured_media":0,"parent":0,"menu_order":0,"comment_status":"closed","ping_status":"closed","template":"","meta":{"footnotes":""},"class_list":["post-680","page","type-page","status-publish","hentry"],"_links":{"self":[{"href":"https:\/\/www.ffrc.fr\/index.php\/wp-json\/wp\/v2\/pages\/680","targetHints":{"allow":["GET"]}}],"collection":[{"href":"https:\/\/www.ffrc.fr\/index.php\/wp-json\/wp\/v2\/pages"}],"about":[{"href":"https:\/\/www.ffrc.fr\/index.php\/wp-json\/wp\/v2\/types\/page"}],"author":[{"embeddable":true,"href":"https:\/\/www.ffrc.fr\/index.php\/wp-json\/wp\/v2\/users\/3"}],"replies":[{"embeddable":true,"href":"https:\/\/www.ffrc.fr\/index.php\/wp-json\/wp\/v2\/comments?post=680"}],"version-history":[{"count":1,"href":"https:\/\/www.ffrc.fr\/index.php\/wp-json\/wp\/v2\/pages\/680\/revisions"}],"predecessor-version":[{"id":682,"href":"https:\/\/www.ffrc.fr\/index.php\/wp-json\/wp\/v2\/pages\/680\/revisions\/682"}],"wp:attachment":[{"href":"https:\/\/www.ffrc.fr\/index.php\/wp-json\/wp\/v2\/media?parent=680"}],"curies":[{"name":"wp","href":"https:\/\/api.w.org\/{rel}","templated":true}]}}