{"id":677,"date":"2023-08-25T16:44:59","date_gmt":"2023-08-25T14:44:59","guid":{"rendered":"https:\/\/www.ffrc.fr\/?page_id=677"},"modified":"2026-02-04T13:37:36","modified_gmt":"2026-02-04T12:37:36","slug":"le-congres","status":"publish","type":"page","link":"https:\/\/www.ffrc.fr\/index.php\/le-congres\/","title":{"rendered":"Le Congr\u00e8s 2026"},"content":{"rendered":"\n<p class=\"has-text-align-center\"><strong>Deux jours pour s\u00e9curiser l\u2019avenir de nos radios !<\/strong><\/p>\n\n\n\n<p>Financements publics (FSER), dons, m\u00e9c\u00e9nat, publicit\u00e9, proximit\u00e9, ateliers pratiques, rencontres et partage d\u2019exp\u00e9riences : <strong>le Congr\u00e8s FFRC est le rendez-vous indispensable <\/strong>pour&nbsp;renforcer nos mod\u00e8les \u00e9conomiques, mutualiser nos solutions et d\u00e9fendre ensemble la place des radios chr\u00e9tiennes associatives.<\/p>\n\n\n\n<p class=\"has-text-align-center\"><strong>Venez avec vos questions, repartez avec des pistes concr\u00e8tes.<\/strong><\/p>\n\n\n\n<div class=\"wp-block-buttons is-content-justification-center is-layout-flex wp-container-core-buttons-is-layout-16018d1d wp-block-buttons-is-layout-flex\">\n<div class=\"wp-block-button\"><a class=\"wp-block-button__link has-text-align-center wp-element-button\" href=\"https:\/\/forms.gle\/4VSxuwvPxnqBoxAN6\" style=\"border-top-left-radius:100px;border-top-right-radius:100px;border-bottom-left-radius:100px;border-bottom-right-radius:100px\"><strong>S&rsquo;INSCRIRE AU CONGRES<\/strong><\/a><\/div>\n<\/div>\n\n\n\n<p class=\"has-text-align-center\">L&rsquo;<strong>Assembl\u00e9e G\u00e9n\u00e9rale<\/strong> de la FFRC aura lieu le jeudi 19 \u00e0 10h00, pour celles et ceux ne pouvant \u00eatre pr\u00e9sents, merci de remplir le <strong>bon pour pouvoir <\/strong>(disponible via le bouton ci-dessous) et de le retourner \u00e0 l&rsquo;adresse <a href=\"mailto:communication@ffrc.fr\">communication@ffrc.fr<\/a><\/p>\n\n\n\n<div class=\"wp-block-buttons is-content-justification-center is-layout-flex wp-container-core-buttons-is-layout-16018d1d wp-block-buttons-is-layout-flex\">\n<div class=\"wp-block-button\"><a class=\"wp-block-button__link wp-element-button\" href=\"https:\/\/drive.google.com\/file\/d\/1t0pMiyj_tRmbpOZaIYVdIv7cE-KzODQO\/view?usp=sharing\"><strong>BON POUR POUVOIR<\/strong><\/a><\/div>\n<\/div>\n\n\n\n<div class=\"wp-block-buttons is-content-justification-center is-layout-flex wp-container-core-buttons-is-layout-16018d1d wp-block-buttons-is-layout-flex\"><\/div>\n\n\n<div class=\"wp-block-image\">\n<figure class=\"aligncenter size-full\"><img loading=\"lazy\" decoding=\"async\" width=\"400\" height=\"300\" src=\"https:\/\/www.ffrc.fr\/wp-content\/uploads\/2026\/02\/conngres-adresse.jpg\" alt=\"\" class=\"wp-image-925\" srcset=\"https:\/\/www.ffrc.fr\/wp-content\/uploads\/2026\/02\/conngres-adresse.jpg 400w, https:\/\/www.ffrc.fr\/wp-content\/uploads\/2026\/02\/conngres-adresse-300x225.jpg 300w, https:\/\/www.ffrc.fr\/wp-content\/uploads\/2026\/02\/conngres-adresse-133x100.jpg 133w\" sizes=\"auto, (max-width: 400px) 100vw, 400px\" \/><\/figure>\n<\/div>\n\n\n<hr class=\"wp-block-separator has-alpha-channel-opacity is-style-dots\"\/>\n\n\n\n<div class=\"wp-block-columns is-layout-flex wp-container-core-columns-is-layout-9d6595d7 wp-block-columns-is-layout-flex\">\n<div class=\"wp-block-column is-layout-flow wp-block-column-is-layout-flow\">\n<figure class=\"wp-block-image size-large\"><img loading=\"lazy\" decoding=\"async\" width=\"724\" height=\"1024\" src=\"https:\/\/www.ffrc.fr\/wp-content\/uploads\/2026\/02\/1-724x1024.jpg\" alt=\"\" class=\"wp-image-922\" srcset=\"https:\/\/www.ffrc.fr\/wp-content\/uploads\/2026\/02\/1-724x1024.jpg 724w, https:\/\/www.ffrc.fr\/wp-content\/uploads\/2026\/02\/1-212x300.jpg 212w, https:\/\/www.ffrc.fr\/wp-content\/uploads\/2026\/02\/1-768x1086.jpg 768w, https:\/\/www.ffrc.fr\/wp-content\/uploads\/2026\/02\/1-1086x1536.jpg 1086w, https:\/\/www.ffrc.fr\/wp-content\/uploads\/2026\/02\/1-71x100.jpg 71w, https:\/\/www.ffrc.fr\/wp-content\/uploads\/2026\/02\/1.jpg 1414w\" sizes=\"auto, (max-width: 724px) 100vw, 724px\" \/><\/figure>\n<\/div>\n\n\n\n<div class=\"wp-block-column is-layout-flow wp-block-column-is-layout-flow\">\n<figure class=\"wp-block-image size-large\"><img loading=\"lazy\" decoding=\"async\" width=\"724\" height=\"1024\" src=\"https:\/\/www.ffrc.fr\/wp-content\/uploads\/2026\/02\/2-724x1024.jpg\" alt=\"\" class=\"wp-image-923\" srcset=\"https:\/\/www.ffrc.fr\/wp-content\/uploads\/2026\/02\/2-724x1024.jpg 724w, https:\/\/www.ffrc.fr\/wp-content\/uploads\/2026\/02\/2-212x300.jpg 212w, https:\/\/www.ffrc.fr\/wp-content\/uploads\/2026\/02\/2-768x1086.jpg 768w, https:\/\/www.ffrc.fr\/wp-content\/uploads\/2026\/02\/2-1086x1536.jpg 1086w, https:\/\/www.ffrc.fr\/wp-content\/uploads\/2026\/02\/2-71x100.jpg 71w, https:\/\/www.ffrc.fr\/wp-content\/uploads\/2026\/02\/2.jpg 1414w\" sizes=\"auto, (max-width: 724px) 100vw, 724px\" \/><\/figure>\n<\/div>\n<\/div>\n","protected":false},"excerpt":{"rendered":"<p>Deux jours pour s\u00e9curiser l\u2019avenir de nos radios ! Financements publics (FSER), dons, m\u00e9c\u00e9nat, publicit\u00e9, proximit\u00e9, ateliers pratiques, rencontres et partage d\u2019exp\u00e9riences : le Congr\u00e8s FFRC est le rendez-vous indispensable pour&nbsp;renforcer nos mod\u00e8les \u00e9conomiques, mutualiser &hellip;<\/p>\n","protected":false},"author":3,"featured_media":0,"parent":0,"menu_order":0,"comment_status":"closed","ping_status":"closed","template":"","meta":{"footnotes":""},"class_list":["post-677","page","type-page","status-publish","hentry"],"_links":{"self":[{"href":"https:\/\/www.ffrc.fr\/index.php\/wp-json\/wp\/v2\/pages\/677","targetHints":{"allow":["GET"]}}],"collection":[{"href":"https:\/\/www.ffrc.fr\/index.php\/wp-json\/wp\/v2\/pages"}],"about":[{"href":"https:\/\/www.ffrc.fr\/index.php\/wp-json\/wp\/v2\/types\/page"}],"author":[{"embeddable":true,"href":"https:\/\/www.ffrc.fr\/index.php\/wp-json\/wp\/v2\/users\/3"}],"replies":[{"embeddable":true,"href":"https:\/\/www.ffrc.fr\/index.php\/wp-json\/wp\/v2\/comments?post=677"}],"version-history":[{"count":13,"href":"https:\/\/www.ffrc.fr\/index.php\/wp-json\/wp\/v2\/pages\/677\/revisions"}],"predecessor-version":[{"id":931,"href":"https:\/\/www.ffrc.fr\/index.php\/wp-json\/wp\/v2\/pages\/677\/revisions\/931"}],"wp:attachment":[{"href":"https:\/\/www.ffrc.fr\/index.php\/wp-json\/wp\/v2\/media?parent=677"}],"curies":[{"name":"wp","href":"https:\/\/api.w.org\/{rel}","templated":true}]}}