{"id":671,"date":"2023-08-25T16:44:02","date_gmt":"2023-08-25T14:44:02","guid":{"rendered":"https:\/\/www.ffrc.fr\/?page_id=671"},"modified":"2023-08-25T16:56:49","modified_gmt":"2023-08-25T14:56:49","slug":"presentation","status":"publish","type":"page","link":"https:\/\/www.ffrc.fr\/index.php\/presentation\/","title":{"rendered":"Pr\u00e9sentation"},"content":{"rendered":"<div class=\"wp-block-image\">\n<figure class=\"aligncenter size-full\"><img loading=\"lazy\" decoding=\"async\" width=\"512\" height=\"512\" src=\"https:\/\/www.ffrc.fr\/wp-content\/uploads\/2023\/02\/cropped-ffrc-500x500-1.jpg\" alt=\"\" class=\"wp-image-598\" srcset=\"https:\/\/www.ffrc.fr\/wp-content\/uploads\/2023\/02\/cropped-ffrc-500x500-1.jpg 512w, https:\/\/www.ffrc.fr\/wp-content\/uploads\/2023\/02\/cropped-ffrc-500x500-1-300x300.jpg 300w, https:\/\/www.ffrc.fr\/wp-content\/uploads\/2023\/02\/cropped-ffrc-500x500-1-150x150.jpg 150w, https:\/\/www.ffrc.fr\/wp-content\/uploads\/2023\/02\/cropped-ffrc-500x500-1-200x200.jpg 200w, https:\/\/www.ffrc.fr\/wp-content\/uploads\/2023\/02\/cropped-ffrc-500x500-1-270x270.jpg 270w, https:\/\/www.ffrc.fr\/wp-content\/uploads\/2023\/02\/cropped-ffrc-500x500-1-192x192.jpg 192w, https:\/\/www.ffrc.fr\/wp-content\/uploads\/2023\/02\/cropped-ffrc-500x500-1-180x180.jpg 180w, https:\/\/www.ffrc.fr\/wp-content\/uploads\/2023\/02\/cropped-ffrc-500x500-1-32x32.jpg 32w\" sizes=\"auto, (max-width: 512px) 100vw, 512px\" \/><\/figure>\n<\/div>\n\n\n<p>Cr\u00e9\u00e9e en 1984, la FFRC (F\u00e9d\u00e9ration Fran\u00e7aise des Radios Chr\u00e9tiennes) est une association loi 1901 qui regroupe aujourd\u2019hui 80 radios chr\u00e9tiennes associatives \u00e9mettant en France.<\/p>\n\n\n\n<p>La F\u00e9d\u00e9ration repr\u00e9sente les radios adh\u00e9rentes aupr\u00e8s des diff\u00e9rentes instances nationales : Minist\u00e8re de la Culture, DGMIC, Conseil Sup\u00e9rieur de l\u2019Audiovisuel, Commission mixte paritaire de la radiodiffusion, Fonds de Soutien \u00e0 l\u2019Expression Radiophonique, SACEM, SPRE, AFDAS,\u2026<\/p>\n\n\n\n<p>La FFRC soutient ses radios adh\u00e9rentes en les informant des actualit\u00e9s les concernant, en leur proposant des formations d\u00e9centralis\u00e9es dans les r\u00e9gions, en les aidant dans la r\u00e9daction des dossiers \u00e0 \u00e9laborer chaque ann\u00e9e, en r\u00e9alisant un sondage national tous les deux ans et en accompagnant les radios dans la souscription \u00e0 un sondage d\u2019audience tous les ans.<\/p>\n\n\n\n<p>La FFRC organise chaque ann\u00e9e son congr\u00e8s annuel et son Assembl\u00e9e G\u00e9n\u00e9rale en f\u00e9vrier \u00e0 Paris. La F\u00e9d\u00e9ration organise une journ\u00e9e nationale en octobre sur les questions sociales.<\/p>\n\n\n\n<p>Les radios de la FFRC adh\u00e8rent \u00e0 la CNRA (Conf\u00e9d\u00e9ration Nationale des Radios Associatives), conf\u00e9d\u00e9ration dont la FFRC fait partie des membres fondateurs.<\/p>\n\n\n\n<p>Dans le paysage audiovisuel fran\u00e7ais, les radios de la F.F.R.C. cherchent \u00e0 donner \u00e0 entendre tout ce qui contribue \u00e0 la r\u00e9alisation d\u2019une soci\u00e9t\u00e9 favorable \u00e0 l\u2019\u00e9panouissement personnel et social de l\u2019homme.<\/p>\n\n\n\n<p>Les radios de la F.F.R.C., d\u2019inspiration chr\u00e9tienne, g\u00e9n\u00e9ralistes et de proximit\u00e9 s\u2019attachent en particulier \u00e0 :<\/p>\n\n\n\n<p>\u2013 Promouvoir le respect des droits de l\u2019homme et la solidarit\u00e9 entre les personnes et les peuples<\/p>\n\n\n\n<p>\u2013 Favoriser les \u00e9changes interculturels et inter-religieux<\/p>\n\n\n\n<p>\u2013 Sensibiliser les auditeurs notamment dans les domaines de caract\u00e8re culturel, social, familial, humanitaire et tout ce qui favorise la communication sociale de proximit\u00e9.<\/p>\n","protected":false},"excerpt":{"rendered":"<p>Cr\u00e9\u00e9e en 1984, la FFRC (F\u00e9d\u00e9ration Fran\u00e7aise des Radios Chr\u00e9tiennes) est une association loi 1901 qui regroupe aujourd\u2019hui 80 radios chr\u00e9tiennes associatives \u00e9mettant en France. La F\u00e9d\u00e9ration repr\u00e9sente les radios adh\u00e9rentes aupr\u00e8s des diff\u00e9rentes instances &hellip;<\/p>\n","protected":false},"author":3,"featured_media":0,"parent":0,"menu_order":0,"comment_status":"closed","ping_status":"closed","template":"","meta":{"footnotes":""},"class_list":["post-671","page","type-page","status-publish","hentry"],"_links":{"self":[{"href":"https:\/\/www.ffrc.fr\/index.php\/wp-json\/wp\/v2\/pages\/671","targetHints":{"allow":["GET"]}}],"collection":[{"href":"https:\/\/www.ffrc.fr\/index.php\/wp-json\/wp\/v2\/pages"}],"about":[{"href":"https:\/\/www.ffrc.fr\/index.php\/wp-json\/wp\/v2\/types\/page"}],"author":[{"embeddable":true,"href":"https:\/\/www.ffrc.fr\/index.php\/wp-json\/wp\/v2\/users\/3"}],"replies":[{"embeddable":true,"href":"https:\/\/www.ffrc.fr\/index.php\/wp-json\/wp\/v2\/comments?post=671"}],"version-history":[{"count":1,"href":"https:\/\/www.ffrc.fr\/index.php\/wp-json\/wp\/v2\/pages\/671\/revisions"}],"predecessor-version":[{"id":673,"href":"https:\/\/www.ffrc.fr\/index.php\/wp-json\/wp\/v2\/pages\/671\/revisions\/673"}],"wp:attachment":[{"href":"https:\/\/www.ffrc.fr\/index.php\/wp-json\/wp\/v2\/media?parent=671"}],"curies":[{"name":"wp","href":"https:\/\/api.w.org\/{rel}","templated":true}]}}